{"id":628,"date":"2018-05-07T22:59:14","date_gmt":"2018-05-07T20:59:14","guid":{"rendered":"https:\/\/praxis-dr-habersetzer.de\/_wp\/?page_id=628"},"modified":"2023-06-02T13:47:33","modified_gmt":"2023-06-02T11:47:33","slug":"datenschutz","status":"publish","type":"page","link":"https:\/\/praxis-dr-habersetzer.de\/_wp\/?page_id=628","title":{"rendered":"Datenschutz"},"content":{"rendered":"<div class=\"wpb-content-wrapper\">[vc_row][vc_column width=&#8220;2\/3&#8243;][vc_column_text]<strong>Datenschutzerkl\u00e4rung<\/strong><\/p>\n<p>Die Ganzheitliche Privatarztpraxis Dr. med. Elena Habersetzer nimmt als Betreiber dieser Seiten den Schutz Ihrer pers\u00f6nlichen Daten sehr ernst.<br \/>\nWir behandeln Ihre personenbezogenen Daten vertraulich und entsprechend der gesetzlichen Datenschutzvorschriften sowie dieser Datenschutzerkl\u00e4rung.<br \/>\nDie Nutzung unserer Website ist in der Regel ohne Angabe personenbezogener Daten m\u00f6glich. Soweit auf unseren Seiten personenbezogene Daten (beispielsweise Name, Anschrift oder E-Mail-Adressen) erhoben werden, erfolgt dies, soweit m\u00f6glich, stets auf freiwilliger Basis. Diese Daten werden ohne Ihre ausdr\u00fcckliche Zustimmung nicht an Dritte weitergegeben.<br \/>\nWir weisen darauf hin, dass die Daten\u00fcbertragung im Internet (z.B. bei der Kommunikation per E-Mail) Sicherheitsl\u00fccken aufweisen kann. Ein l\u00fcckenloser Schutz der Daten vor dem Zugriff durch Dritte ist nicht m\u00f6glich.<br \/>\nSollten Sie noch Fragen zum Datenschutz haben, wenden Sie sich bitte an:<\/p>\n<p style=\"padding-left: 60px;\"><strong>Der Bayerische Landesbeauftragte f\u00fcr den Datenschutz<\/strong><br \/>\nSchreiben:\u00a0\u00a0\u00a0 Postfach 22 12 19, 80502 M\u00fcnchen<br \/>\nBesuchen: \u00a0 \u00a0 Wagm\u00fcllerstra\u00dfe 18, 80538 M\u00fcnchen<br \/>\nAnrufen: \u00a0 \u00a0\u00a0\u00a0 089 212672-0<br \/>\nFaxen: \u00a0 \u00a0 \u00a0 \u00a0 \u00a0 089 212672-50<br \/>\nMailen: \u00a0 \u00a0 \u00a0 \u00a0 poststelle@datenschutz-bayern.de<\/p>\n<p>&nbsp;<\/p>\n<p><strong>Datensicherheit<\/strong><\/p>\n<p>Wir verwenden technische und organisatorische Ma\u00dfnahmen um Ihre Daten vor dem Zugriff Unberechtigter und vor Manipulation, \u00dcbermittlung, Verlust oder Zerst\u00f6rung zu sch\u00fctzen. Unsere Sicherheitsverfahren \u00fcberpr\u00fcfen wir regelm\u00e4\u00dfig und passen sie dem technologischen Fortschritt an. S\u00e4mtliche an und von uns \u00fcbermittelte Daten werden durch geeignete Verschl\u00fcsselungsverfahren, w\u00e4hrend und nach ihrem Transport, gesch\u00fctzt.<\/p>\n<p>&nbsp;<\/p>\n<p><strong>Cookies<\/strong><\/p>\n<p>Wir verwenden keine Cookies auf unseren Webseiten. Es erfolgt deswegen auch keine Cookie-Zustimmungs-Abfrage. Auf Ihrem Rechner werden keinerlei Daten der Webseite gespeichert. Der Browser sichert, falls vom Nutzer aktiviert, den Besuch der Webseite in der Chronik bzw. Verlauf. Dies geschieht ohne unser zutun und kann von uns nicht beeinflusst werden.<\/p>\n<p>&nbsp;<\/p>\n<p><strong>Server-Log-Files<\/strong><\/p>\n<p>Wir sammeln keinerlei personenbezogene Daten u\u0308ber die Besucher unserer Web-Site.<br \/>\nAufgrund eines Auftragsdatenverarbeitungsvertrags (ADV-Vertrag) speichert unser Service-Provider von Ihrem Besuch, je nach verwendetem Zugriffsprotokoll, folgende Informationen, die Ihr Browser automatisch an uns \u00fcbermittelt, in so genannten Server-Log Files.<\/p>\n<p>Dies sind:<\/p>\n<ul>\n<li>Browsertyp und Browserversion<\/li>\n<li>verwendetes Betriebssystem<\/li>\n<li>Referrer URL<\/li>\n<li>Hostname des zugreifenden Rechners<\/li>\n<li>Datum und Uhrzeit der Serveranfrage<\/li>\n<\/ul>\n<p>Diese Daten sind nicht bestimmten Personen zuordenbar. Eine Zusammenf\u00fchrung dieser Daten mit anderen Datenquellen wird nicht vorgenommen. Wir behalten uns vor, diese Daten nachtr\u00e4glich zu pr\u00fcfen, wenn uns konkrete Anhaltspunkte f\u00fcr eine rechtswidrige Nutzung bekannt werden.<\/p>\n<p>&nbsp;<\/p>\n<p><strong>Kontaktformular<\/strong><\/p>\n<p>Wenn Sie uns per Kontaktformular Anfragen zukommen lassen, werden Ihre Angaben aus dem Anfrageformular inklusive der von Ihnen dort angegebenen Kontaktdaten zwecks Bearbeitung der Anfrage und f\u00fcr den Fall von Anschlussfragen bei uns gespeichert. Diese Daten geben wir nicht ohne Ihre Einwilligung weiter.<br \/>\nWenn Sie unser Kontaktformular benutzen, werden Ihre Daten durch Verwendung einer SSL-Verbindung (https:\/\/) verschl\u00fcsselt und entsprechend \u00a7 13 Abs. 7 TMG gesch\u00fctzt.<\/p>\n<p>&nbsp;<\/p>\n<p><strong>SSL-Verschl\u00fcsselung<\/strong><\/p>\n<p>Diese Seite nutzt aus Gr\u00fcnden der Sicherheit und zum Schutz der \u00dcbertragung vertraulicher Inhalte, wie zum Beispiel der Anfragen, die Sie an uns als Seitenbetreiber senden, eine SSL-Verschl\u00fcsselung. Eine verschl\u00fcsselte Verbindung erkennen Sie daran, dass die Adresszeile des Browsers von \u201ehttp:\/\/\u201c auf \u201ehttps:\/\/\u201c wechselt und an dem Schloss-Symbol in Ihrer Browserzeile.<br \/>\nWenn die SSL Verschl\u00fcsselung aktiviert ist, k\u00f6nnen die Daten, die Sie an uns \u00fcbermitteln, nicht von Dritten mitgelesen werden.<\/p>\n<p>&nbsp;<\/p>\n<p><strong>E-Mail<\/strong><\/p>\n<p>Wenn Sie uns E-Mails senden wird Ihre E-Mail-Adresse nur f\u00fcr die Korrespondenz mit Ihnen verwendet. Informationen, die Sie unverschl\u00fcsselt per E-Mail an uns senden k\u00f6nnen m\u00f6glicherweise auf dem \u00dcbertragungsweg von Dritten gelesen werden. Wir k\u00f6nnen in der Regel auch Ihre Identit\u00e4t nicht \u00fcberpr\u00fcfen und wissen nicht, wer sich hinter einer E-Mail-Adresse verbirgt, so dass eine rechtssichere Kommunikation durch einfache E-Mail daher nicht gew\u00e4hrleistet ist. Wir setzen zudem sog. SPAM-Filter gegen unerw\u00fcnschte Werbung ein, die in seltenen F\u00e4llen auch normale E-Mails f\u00e4lschlicherweise automatisch als unerw\u00fcnschte Werbung einordnen und l\u00f6schen k\u00f6nnen. E-Mails, die sch\u00e4digende Programme (\u201eViren\u201c) enthalten, werden von uns in jedem Fall automatisch gel\u00f6scht.<\/p>\n<p>Um dennoch eine sicher E-Mail-Kommunikation mit Patienten zu erm\u00f6glichen bietet die Ganzheitliche Arztpraxis Dr. med. Elena Habersetzer zwei verschiedene Verfahren an. Weitere Informationen dazu finden Sie in der Rubrik \u201eKontakt\u201c.<\/p>\n<p>&nbsp;<\/p>\n<p><strong>Recht auf Auskunft, L\u00f6schung, Sperrung<\/strong><\/p>\n<p>Sie haben jederzeit das Recht auf unentgeltliche Auskunft \u00fcber Ihre gespeicherten personenbezogenen Daten, deren Herkunft und Empf\u00e4nger und den Zweck der Datenverarbeitung sowie ein Recht auf Berichtigung, Sperrung oder L\u00f6schung dieser Daten. Hierzu sowie zu weiteren Fragen zum Thema personenbezogene Daten k\u00f6nnen Sie sich jederzeit unter der im Impressum angegebenen Adresse an uns wenden.<\/p>\n<p>\u00c4nderungen der Datenschutzerkl\u00e4rung<br \/>\nWir behalten uns vor, diese Datenschutzerkl\u00e4rung zu \u00e4ndern, um Sie an ge\u00e4nderte Rechtslagen und technische Standards anzupassen. Unserer Nutzer werden gebeten sich regelm\u00e4\u00dfig zu informieren. Diese Datenschutzerkl\u00e4rung befindet sich derzeit auf dem Stand vom 01.05.2018<\/p>\n<p>Quelle: https:\/\/www.e-recht24.de[\/vc_column_text][\/vc_column][vc_column width=&#8220;1\/3&#8243;][vc_single_image image=&#8220;489&#8243; img_size=&#8220;full&#8220;][\/vc_column][\/vc_row]\n<\/div>","protected":false},"excerpt":{"rendered":"<p>[vc_row][vc_column width=&#8220;2\/3&#8243;][vc_column_text]Datenschutzerkl\u00e4rung Die Ganzheitliche Privatarztpraxis Dr. med. Elena Habersetzer nimmt als Betreiber dieser Seiten den Schutz Ihrer pers\u00f6nlichen Daten sehr ernst. Wir behandeln Ihre personenbezogenen Daten vertraulich und entsprechend der gesetzlichen Datenschutzvorschriften sowie dieser Datenschutzerkl\u00e4rung. Die Nutzung unserer Website ist in der Regel ohne Angabe personenbezogener Daten m\u00f6glich. Soweit auf unseren Seiten personenbezogene Daten (beispielsweise [&hellip;]<\/p>\n","protected":false},"author":1,"featured_media":0,"parent":0,"menu_order":0,"comment_status":"closed","ping_status":"closed","template":"","meta":{"footnotes":""},"_links":{"self":[{"href":"https:\/\/praxis-dr-habersetzer.de\/_wp\/index.php?rest_route=\/wp\/v2\/pages\/628"}],"collection":[{"href":"https:\/\/praxis-dr-habersetzer.de\/_wp\/index.php?rest_route=\/wp\/v2\/pages"}],"about":[{"href":"https:\/\/praxis-dr-habersetzer.de\/_wp\/index.php?rest_route=\/wp\/v2\/types\/page"}],"author":[{"embeddable":true,"href":"https:\/\/praxis-dr-habersetzer.de\/_wp\/index.php?rest_route=\/wp\/v2\/users\/1"}],"replies":[{"embeddable":true,"href":"https:\/\/praxis-dr-habersetzer.de\/_wp\/index.php?rest_route=%2Fwp%2Fv2%2Fcomments&post=628"}],"version-history":[{"count":11,"href":"https:\/\/praxis-dr-habersetzer.de\/_wp\/index.php?rest_route=\/wp\/v2\/pages\/628\/revisions"}],"predecessor-version":[{"id":786,"href":"https:\/\/praxis-dr-habersetzer.de\/_wp\/index.php?rest_route=\/wp\/v2\/pages\/628\/revisions\/786"}],"wp:attachment":[{"href":"https:\/\/praxis-dr-habersetzer.de\/_wp\/index.php?rest_route=%2Fwp%2Fv2%2Fmedia&parent=628"}],"curies":[{"name":"wp","href":"https:\/\/api.w.org\/{rel}","templated":true}]}}