{"id":538,"date":"2018-03-23T10:19:52","date_gmt":"2018-03-23T09:19:52","guid":{"rendered":"https:\/\/praxis-dr-habersetzer.de\/_wp\/?page_id=538"},"modified":"2025-03-21T17:50:59","modified_gmt":"2025-03-21T16:50:59","slug":"home","status":"publish","type":"page","link":"https:\/\/praxis-dr-habersetzer.de\/_wp\/","title":{"rendered":"HOME"},"content":{"rendered":"<div class=\"wpb-content-wrapper\">[vc_row][vc_column width=&#8220;2\/3&#8243;]<div class=\"title-outer pos_left \"  style=\"\"><h3 style=\"font-size: 16px;\">Herzlich Willkommen!<\/h3><\/div><div class=\"title-outer pos_left \"  style=\"\"><h3 style=\"font-size: 10px;\"><\/h3><\/div>[vc_column_text]<span style=\"color: #ff0000;\">In meiner Praxis werden Patienten mit schweren Erkrankungen des Immunsystems behandelt.<\/span><\/p>\n<p>Die generelle FFP-2-Pflicht wurde vor\u00fcbergehend aufgehoben, sie gilt jedoch weiterhin f\u00fcr alle Patienten, die eine immunsuppressive Behandlung erhalten.<\/p>\n<p><span style=\"color: #ff0000;\">Bei Erk\u00e4ltungssymptomen rufen Sie mich bitte VOR ihrem Termin an: <\/span><span style=\"color: #ff0000;\">Sie erhalten eine Beratung und einen Ersatztermin, die Behandlung von Erk\u00e4ltungskrankheiten findet ausschlie\u00dflich au\u00dferhalb der Praxis statt.<\/span><\/p>\n<p><span style=\"color: #ff0000;\">\u00a0<\/span>[\/vc_column_text]<div class=\"title-outer pos_left \"  style=\"\"><h3 style=\"font-size: 10px;\"><\/h3><\/div>[vc_column_text]\n<p class=\"style1\">Die Heilung eines Menschen und jeden anderen Lebewesens ist das Ergebnis einer Aktivierung der eigenen Lebenskraft.<br \/>\nDie Schulmedizin liefert uns wichtige diagnostische Hinweise und ist in der Lage, lebensrettende Hilfe zu leisten, die Therapie wird jedoch meistens auf die Behandlung der <strong>EINZELNEN ORGANE<\/strong> beschr\u00e4nkt.<\/p>\n<p class=\"style1\">In der Ganzheitlichen Medizin wird der erkrankte Mensch als <strong>GANZES<\/strong> angesehen und seine Beschwerden in einem umfassenden Zusammenhang zueinander und zu seinem Umfeld betrachtet.<br \/>\nDies erm\u00f6glicht, die tiefen <strong>URSACHEN<\/strong> der gesundheitlichen Ver\u00e4nderungen aufzudecken und zu behandeln.<br \/>\nAls Fach\u00e4rztin f\u00fcr Allgemeinmedizin setze ich zur Wiederherstellung Ihrer Gesundheit die westliche und fern\u00f6stliche <strong>GANZHEITLICHE MEDIZIN<\/strong> auf einer soliden schulmedizinischen Basis ein.<\/p>\n[\/vc_column_text]<div class=\"title-outer pos_left \"  style=\"\"><h3 style=\"font-size: 10px;\"><\/h3><\/div>[vc_column_text]<strong>Bei einer Erk\u00e4ltung biete ich Ihnen:<\/strong><\/p>\n<ol>\n<li><span style=\"color: #659044;\"><strong>TELEFONISCH<\/strong><\/span> eine umfassende, schulmedizinische, naturheilkundliche und hom\u00f6opathische Beratung<\/li>\n<li>Rezeptversand <span style=\"color: #659044;\"><strong>PER FAX<\/strong><\/span> an Ihre Apotheke<\/li>\n<li>Arbeitsunf\u00e4higkeitsbescheinigung per <strong><span style=\"color: #659044;\">POST<\/span>, <span style=\"color: #659044;\">FAX <\/span><\/strong>oder<span style=\"color: #659044;\"><strong> MAIL<\/strong><\/span><\/li>\n<\/ol>\n[\/vc_column_text][\/vc_column][vc_column css_animation=&#8220;none&#8220; width=&#8220;1\/3&#8243;][vc_single_image image=&#8220;488&#8243; img_size=&#8220;full&#8220;][\/vc_column][\/vc_row][vc_row][vc_column]<div class=\"separator  \" style=\"padding-top: 20px; padding-bottom: 20px; \" ><hr class=\"shadow_line\" ><\/div>[\/vc_column][\/vc_row]\n<\/div>","protected":false},"excerpt":{"rendered":"<p>[vc_row][vc_column width=&#8220;2\/3&#8243;][vc_column_text]In meiner Praxis werden Patienten mit schweren Erkrankungen des Immunsystems behandelt. Die generelle FFP-2-Pflicht wurde vor\u00fcbergehend aufgehoben, sie gilt jedoch weiterhin f\u00fcr alle Patienten, die eine immunsuppressive Behandlung erhalten. Bei Erk\u00e4ltungssymptomen rufen Sie mich bitte VOR ihrem Termin an: Sie erhalten eine Beratung und einen Ersatztermin, die Behandlung von Erk\u00e4ltungskrankheiten findet ausschlie\u00dflich au\u00dferhalb der [&hellip;]<\/p>\n","protected":false},"author":1,"featured_media":0,"parent":0,"menu_order":0,"comment_status":"closed","ping_status":"closed","template":"","meta":{"footnotes":""},"_links":{"self":[{"href":"https:\/\/praxis-dr-habersetzer.de\/_wp\/index.php?rest_route=\/wp\/v2\/pages\/538"}],"collection":[{"href":"https:\/\/praxis-dr-habersetzer.de\/_wp\/index.php?rest_route=\/wp\/v2\/pages"}],"about":[{"href":"https:\/\/praxis-dr-habersetzer.de\/_wp\/index.php?rest_route=\/wp\/v2\/types\/page"}],"author":[{"embeddable":true,"href":"https:\/\/praxis-dr-habersetzer.de\/_wp\/index.php?rest_route=\/wp\/v2\/users\/1"}],"replies":[{"embeddable":true,"href":"https:\/\/praxis-dr-habersetzer.de\/_wp\/index.php?rest_route=%2Fwp%2Fv2%2Fcomments&post=538"}],"version-history":[{"count":39,"href":"https:\/\/praxis-dr-habersetzer.de\/_wp\/index.php?rest_route=\/wp\/v2\/pages\/538\/revisions"}],"predecessor-version":[{"id":798,"href":"https:\/\/praxis-dr-habersetzer.de\/_wp\/index.php?rest_route=\/wp\/v2\/pages\/538\/revisions\/798"}],"wp:attachment":[{"href":"https:\/\/praxis-dr-habersetzer.de\/_wp\/index.php?rest_route=%2Fwp%2Fv2%2Fmedia&parent=538"}],"curies":[{"name":"wp","href":"https:\/\/api.w.org\/{rel}","templated":true}]}}