{"id":471,"date":"2018-03-22T18:34:29","date_gmt":"2018-03-22T17:34:29","guid":{"rendered":"https:\/\/praxis-dr-habersetzer.de\/_wp\/?page_id=471"},"modified":"2018-04-11T09:20:41","modified_gmt":"2018-04-11T07:20:41","slug":"naturheilverfahren","status":"publish","type":"page","link":"https:\/\/praxis-dr-habersetzer.de\/_wp\/?page_id=471","title":{"rendered":"Naturheilverfahren"},"content":{"rendered":"<div class=\"wpb-content-wrapper\">[vc_row][vc_column width=&#8220;2\/3&#8243;]<div class=\"title-outer pos_left \"  style=\"\"><h3 style=\"font-size: 16px;\">Klassische Naturheilverfahren<\/h3><\/div>[vc_column_text]Die klassischen Naturheilverfahren gebrauchen als Wirkkr\u00e4fte nat\u00fcrliche Faktoren, also Licht und Luft, Wasser und Erde, W\u00e4rme und K\u00e4lte, Bewegung und Ruhe, Ern\u00e4hrung und Nahrungsenthaltung, heilsame seelische Einfl\u00fcsse sowie Heilpflanzen. In Deutschland bilden die f\u00fcnf klassischen Naturheilverfahren den Kern der Naturheilkunde.[\/vc_column_text][\/vc_column][vc_column width=&#8220;1\/3&#8243;][vc_single_image image=&#8220;490&#8243; img_size=&#8220;full&#8220; title=&#8220; &#8220; css=&#8220;.vc_custom_1521817101590{background-color: #ffffff !important;}&#8220;][\/vc_column][\/vc_row][vc_row][vc_column]<div class=\"separator  \" style=\"padding-top: 20px; padding-bottom: 20px; \" ><hr class=\"shadow_line\" ><\/div>[\/vc_column][\/vc_row][vc_row][vc_column width=&#8220;1\/2&#8243;]<div class=\"title-outer pos_left \"  style=\"\"><h3 style=\"font-size: 16px;\">Kr\u00e4utertherapie<\/h3><\/div>[vc_column_text]In Europa verf\u00fcgen wir \u00fcber eine gro\u00dfe Vielfalt an Heilkr\u00e4utern, die seit dem Mittelalter in der Klosterheilkunde verwendet werden. Die moderne Phytotherapie ist dank der wissenschaftlichen Erforschung ihrer Wirkungen zum festen Bestandteil der Schulmedizin geworden.<br \/>\nDies bedeutet aber auch, dass die Kr\u00e4uter bei uns in Europa im Gegensatz zu China symptomatisch und nicht ganzheitlich eingesetzt werden. Einige pflanzliche Stoffe mit einem wichtigen therapeutischen Potential werden isoliert und als schulmedizinisches Arzneimittel verwendet. Dies verbessert die Steuerbarkeit der Therapie und erleichtert die wissenschaftliche Erforschung. Nimmt man jedoch die ganze Pflanze, treten durch die Vielfalt der Wirkstoffe g\u00fcnstige Effekte auf, die bei den isolierten Stoffen nicht beobachtet werden.<br \/>\nJe nach Behandlungsziel setze ich isolierte Stoffe oder die ganze Pflanze ein. F\u00fcr einige westliche Kr\u00e4uter liegen Erfahrungen \u00fcber Ihre Wirkung auf die TCM-Funktionskreise vor, so dass diese im Sinne der Traditionellen Chinesischen Medizin eingesetzt werden k\u00f6nnen.[\/vc_column_text]<div class=\"separator  \" style=\"padding-top: 20px; padding-bottom: 20px; \" ><hr class=\"shadow_line\" ><\/div>[\/vc_column][vc_column width=&#8220;1\/2&#8243;]<div class=\"title-outer pos_left \"  style=\"\"><h3 style=\"font-size: 16px;\">Bewegungstherapie<\/h3><\/div>[vc_column_text]\n<p class=\"style1\">Durch meine Ausbildung in zwei unterschiedlichen f\u00fcr die Sportmedizin qualifizierten Praxen sowie naturheilkundliche Qualifikation sehe ich die M\u00f6glichkeiten f\u00fcr jeden Menschen, sich zu bewegen.<\/p>\n<ul>\n<li>Bei welcher Sportart verbrenne ich die meisten Kalorien?<\/li>\n<li>Was ist gut f\u00fcr meine Gelenke?<\/li>\n<li>Welche \u00dcbung hilft gezielt bei meinem Problem?<\/li>\n<li>In der Ruhe liegt die Kraft?<\/li>\n<\/ul>\n<p class=\"style1\">Ich helfe Ihnen auf behutsame Art, das Gleichgewicht zwischen Bewegung und Ruhe in Ihrem Alltag zu finden.<\/p>\n[\/vc_column_text]<div class=\"separator  \" style=\"padding-top: 20px; padding-bottom: 20px; \" ><hr class=\"shadow_line\" ><\/div><div class=\"title-outer pos_left \"  style=\"\"><h3 style=\"font-size: 16px;\">Ern\u00e4hrungstherapie<\/h3><\/div>[vc_column_text]Lebensmittel k\u00f6nnen eine Heilwirkung entfalten. Durch die Verbindung des Wissens \u00fcber die Chinesische Di\u00e4tetik mit modernen westlichen naturheilkundlichen Erkenntnissen gelingt es, neue Potentiale in der Ern\u00e4hrung zu finden und ein Verst\u00e4ndnis \u00fcber die gesundheitlichen Zusammenh\u00e4nge zu vertiefen.[\/vc_column_text]<div class=\"separator  \" style=\"padding-top: 20px; padding-bottom: 20px; \" ><hr class=\"shadow_line\" ><\/div>[\/vc_column][\/vc_row][vc_row][vc_column width=&#8220;1\/2&#8243;]<div class=\"title-outer pos_left \"  style=\"\"><h3 style=\"font-size: 16px;\">Ordnungsherapie<\/h3><\/div>[vc_column_text]\n<p class=\"style1\">&#8222;Im Ma\u00dfe liegt die Ordnung, jedes Zuviel und jedes Zuwenig setzt an Stelle der Gesundheit Krankheit.&#8220; <i>(S.Kneipp)<\/i><\/p>\n<p class=\"style1\">Unser K\u00f6rper verf\u00fcgt \u00fcber ein differenziertes vegetatives und hormonelles Regelsystem, das eng mit den Rhythmen der Natur verbunden ist. Dieses System ist innerhalb der individuell vorgegebenen Grenzen belastbar und erm\u00f6glicht uns, flexibel auf Ver\u00e4nderungen zu reagieren. Werden diese Grenzen st\u00e4ndig \u00fcber\u2013 oder unterschritten, entsteht ein Zustand der funktionellen St\u00f6rung, aus dem sich eine Erkrankung entwickeln kann. Den Grund der St\u00f6rung konkret zu erkennen und eine wirksame, realistische Strategie f\u00fcr den Alltag zu entwickeln ist die Aufgabe der Ordnungstherapie. In der Beratung st\u00fctze ich mich auf die modernsten Erkenntnisse der Chronobiologie und der Klimamedizin.<\/p>\n[\/vc_column_text]<div class=\"separator  \" style=\"padding-top: 20px; padding-bottom: 20px; \" ><hr class=\"shadow_line\" ><\/div>[\/vc_column][vc_column width=&#8220;1\/2&#8243;]<div class=\"title-outer pos_left \"  style=\"\"><h3 style=\"font-size: 16px;\">Hydrotherapie<\/h3><\/div>[vc_column_text]Wasseranwendungen nach Sebastian Kneipp sind f\u00fcr viele Menschen ein Begriff.<br \/>\nVor allem denkt man dabei an die bekannten Kneippanlagen. Diese differenzierte Therapieform ist jedoch auch in der h\u00e4uslichen Umgebung m\u00f6glich. Das Wasser wirkt vor allem durch Temperaturreize auf unseren K\u00f6rper und erm\u00f6glich eine feine und nachhaltige Umstellung der gest\u00f6rten Funktion.<br \/>\nZu den Kneipp\u2018schen Anwendungen geh\u00f6ren G\u00fcsse, B\u00e4der, Wickel, Auflagen, Wassertreten, Taulaufen und Schneelaufen. Kneipp\u2018sche Anwendungen sind ohne einen gro\u00dfen Aufwand durchf\u00fchrbar und machen Spa\u00df. Durch eine gezielte fachkundige Beratung kann diese Therapieform in verschiedene Behandlungskonzepte integriert werden.[\/vc_column_text]<div class=\"separator  \" style=\"padding-top: 20px; padding-bottom: 20px; \" ><hr class=\"shadow_line\" ><\/div>[\/vc_column][\/vc_row][vc_row][vc_column width=&#8220;1\/2&#8243;][\/vc_column][vc_column width=&#8220;1\/2&#8243;][\/vc_column][\/vc_row]\n<\/div>","protected":false},"excerpt":{"rendered":"<p>[vc_row][vc_column width=&#8220;2\/3&#8243;][vc_column_text]Die klassischen Naturheilverfahren gebrauchen als Wirkkr\u00e4fte nat\u00fcrliche Faktoren, also Licht und Luft, Wasser und Erde, W\u00e4rme und K\u00e4lte, Bewegung und Ruhe, Ern\u00e4hrung und Nahrungsenthaltung, heilsame seelische Einfl\u00fcsse sowie Heilpflanzen. In Deutschland bilden die f\u00fcnf klassischen Naturheilverfahren den Kern der Naturheilkunde.[\/vc_column_text][\/vc_column][vc_column width=&#8220;1\/3&#8243;][vc_single_image image=&#8220;490&#8243; img_size=&#8220;full&#8220; title=&#8220; &#8220; css=&#8220;.vc_custom_1521817101590{background-color: #ffffff !important;}&#8220;][\/vc_column][\/vc_row][vc_row][vc_column][\/vc_column][\/vc_row][vc_row][vc_column width=&#8220;1\/2&#8243;][vc_column_text]In Europa verf\u00fcgen wir \u00fcber eine [&hellip;]<\/p>\n","protected":false},"author":1,"featured_media":0,"parent":29,"menu_order":0,"comment_status":"closed","ping_status":"closed","template":"","meta":{"footnotes":""},"_links":{"self":[{"href":"https:\/\/praxis-dr-habersetzer.de\/_wp\/index.php?rest_route=\/wp\/v2\/pages\/471"}],"collection":[{"href":"https:\/\/praxis-dr-habersetzer.de\/_wp\/index.php?rest_route=\/wp\/v2\/pages"}],"about":[{"href":"https:\/\/praxis-dr-habersetzer.de\/_wp\/index.php?rest_route=\/wp\/v2\/types\/page"}],"author":[{"embeddable":true,"href":"https:\/\/praxis-dr-habersetzer.de\/_wp\/index.php?rest_route=\/wp\/v2\/users\/1"}],"replies":[{"embeddable":true,"href":"https:\/\/praxis-dr-habersetzer.de\/_wp\/index.php?rest_route=%2Fwp%2Fv2%2Fcomments&post=471"}],"version-history":[{"count":10,"href":"https:\/\/praxis-dr-habersetzer.de\/_wp\/index.php?rest_route=\/wp\/v2\/pages\/471\/revisions"}],"predecessor-version":[{"id":619,"href":"https:\/\/praxis-dr-habersetzer.de\/_wp\/index.php?rest_route=\/wp\/v2\/pages\/471\/revisions\/619"}],"up":[{"embeddable":true,"href":"https:\/\/praxis-dr-habersetzer.de\/_wp\/index.php?rest_route=\/wp\/v2\/pages\/29"}],"wp:attachment":[{"href":"https:\/\/praxis-dr-habersetzer.de\/_wp\/index.php?rest_route=%2Fwp%2Fv2%2Fmedia&parent=471"}],"curies":[{"name":"wp","href":"https:\/\/api.w.org\/{rel}","templated":true}]}}