{"id":469,"date":"2018-03-22T18:35:04","date_gmt":"2018-03-22T17:35:04","guid":{"rendered":"https:\/\/praxis-dr-habersetzer.de\/_wp\/?page_id=469"},"modified":"2019-07-11T22:46:12","modified_gmt":"2019-07-11T20:46:12","slug":"klassische-homoeopathie","status":"publish","type":"page","link":"https:\/\/praxis-dr-habersetzer.de\/_wp\/?page_id=469","title":{"rendered":"Klassische Hom\u00f6opathie"},"content":{"rendered":"<div class=\"wpb-content-wrapper\">[vc_row][vc_column width=&#8220;2\/3&#8243;]<div class=\"title-outer pos_left \"  style=\"\"><h3 style=\"font-size: 16px;\">Klassische Hom\u00f6opathie<\/h3><\/div>[vc_column_text]Klassische Hom\u00f6opathie ist eine ganzheitliche Behandlungsmethode, die auf dem von Samuel Hahnemann (1755-1843) formulierten Lehrsatz &#8222;Similia similibus curantur&#8220; (&#8222;\u00c4hnliches heilt \u00c4hnliches&#8220;) beruht.<\/p>\n<p>Doch bereits andere alte \u00c4rzte vor Hahnemann, wie Hippokrates (ca. 460-375) und Paracelsus (1493-1541) fanden Hinweise auf das \u00c4hnlichkeitsprinzip. Nach einer sorgf\u00e4ltigen Befragung und k\u00f6rperlichen Untersuchung wird entsprechend individuellen Symptomen eine Arznei gew\u00e4hlt, die in der Lage ist, beim Gesunden durch wiederholte Gabe \u00e4hnliche Symptome auszul\u00f6sen. Der R\u00fcckschluss auf die Wirksamkeit bei den schwerwiegenden Symptomen wird durch den Vergleich mit den bereits geheilten Patienten gemacht. Demnach ist Klassische Hom\u00f6opathie eine echte Erfahrungsmedizin.<\/p>\n<p>In meiner Praxis verfolge ich streng die Kriterien der Mittelwahl, die von Hahnemann formuliert worden sind, erg\u00e4nzt durch die neuesten wissenschaftlichen Erkenntnisse, insbesondere der Toxikologie.[\/vc_column_text][\/vc_column][vc_column width=&#8220;1\/3&#8243;][vc_single_image image=&#8220;494&#8243; img_size=&#8220;full&#8220; title=&#8220; &#8222;][\/vc_column][\/vc_row][vc_row][vc_column]<div class=\"separator  \" style=\"padding-top: 20px; padding-bottom: 20px; \" ><hr class=\"shadow_line\" ><\/div>[\/vc_column][\/vc_row]\n<\/div>","protected":false},"excerpt":{"rendered":"<p>[vc_row][vc_column width=&#8220;2\/3&#8243;][vc_column_text]Klassische Hom\u00f6opathie ist eine ganzheitliche Behandlungsmethode, die auf dem von Samuel Hahnemann (1755-1843) formulierten Lehrsatz &#8222;Similia similibus curantur&#8220; (&#8222;\u00c4hnliches heilt \u00c4hnliches&#8220;) beruht. Doch bereits andere alte \u00c4rzte vor Hahnemann, wie Hippokrates (ca. 460-375) und Paracelsus (1493-1541) fanden Hinweise auf das \u00c4hnlichkeitsprinzip. Nach einer sorgf\u00e4ltigen Befragung und k\u00f6rperlichen Untersuchung wird entsprechend individuellen Symptomen eine Arznei [&hellip;]<\/p>\n","protected":false},"author":1,"featured_media":0,"parent":29,"menu_order":0,"comment_status":"closed","ping_status":"closed","template":"","meta":{"footnotes":""},"_links":{"self":[{"href":"https:\/\/praxis-dr-habersetzer.de\/_wp\/index.php?rest_route=\/wp\/v2\/pages\/469"}],"collection":[{"href":"https:\/\/praxis-dr-habersetzer.de\/_wp\/index.php?rest_route=\/wp\/v2\/pages"}],"about":[{"href":"https:\/\/praxis-dr-habersetzer.de\/_wp\/index.php?rest_route=\/wp\/v2\/types\/page"}],"author":[{"embeddable":true,"href":"https:\/\/praxis-dr-habersetzer.de\/_wp\/index.php?rest_route=\/wp\/v2\/users\/1"}],"replies":[{"embeddable":true,"href":"https:\/\/praxis-dr-habersetzer.de\/_wp\/index.php?rest_route=%2Fwp%2Fv2%2Fcomments&post=469"}],"version-history":[{"count":11,"href":"https:\/\/praxis-dr-habersetzer.de\/_wp\/index.php?rest_route=\/wp\/v2\/pages\/469\/revisions"}],"predecessor-version":[{"id":697,"href":"https:\/\/praxis-dr-habersetzer.de\/_wp\/index.php?rest_route=\/wp\/v2\/pages\/469\/revisions\/697"}],"up":[{"embeddable":true,"href":"https:\/\/praxis-dr-habersetzer.de\/_wp\/index.php?rest_route=\/wp\/v2\/pages\/29"}],"wp:attachment":[{"href":"https:\/\/praxis-dr-habersetzer.de\/_wp\/index.php?rest_route=%2Fwp%2Fv2%2Fmedia&parent=469"}],"curies":[{"name":"wp","href":"https:\/\/api.w.org\/{rel}","templated":true}]}}