{"id":467,"date":"2018-03-22T18:34:12","date_gmt":"2018-03-22T17:34:12","guid":{"rendered":"https:\/\/praxis-dr-habersetzer.de\/_wp\/?page_id=467"},"modified":"2019-01-07T20:51:55","modified_gmt":"2019-01-07T19:51:55","slug":"traditionelle-chinesische-medizin","status":"publish","type":"page","link":"https:\/\/praxis-dr-habersetzer.de\/_wp\/?page_id=467","title":{"rendered":"Traditionelle Chinesische Medizin"},"content":{"rendered":"<div class=\"wpb-content-wrapper\">[vc_row][vc_column width=&#8220;2\/3&#8243;]<div class=\"title-outer pos_left \"  style=\"\"><h3 style=\"font-size: 16px;\">Traditionelle Chinesische Medizin<\/h3><\/div>[vc_column_text]\n<p class=\"style1\">Die Traditionelle Chinesische Medizin (TCM) ist eine der \u00e4ltesten ganzheitlichen Medizinsysteme weltweit, deren Urspr\u00fcnge bis 10 000 Jahre vor Christus zur\u00fcck reichen. In diesem beeindruckend langen Zeitraum wurden die Methoden der TCM verfeinert und bei unz\u00e4hligen Erkrankten angewendet, so dass die Traditionelle Chinesische Medizin zu Recht als Erfahrungsmedizin bezeichnet wird. Im Gegensatz zu unserer westlichen Medizin, die auf einem mechanistischen Menschenbild ihre Behandlungsstrategien aufbaut und jede einzelne St\u00f6rung f\u00fcr sich getrennt betrachtet, wird in der Traditionellen Chinesischen Medizin der Mensch als Ganzes angesehen. Die Vorstellung von Qi (chin. <img decoding=\"async\" src=\"https:\/\/praxis-dr-habersetzer.de\/_images\/chinese_tcm_01.jpg\" align=\"bottom\" border=\"0\" \/>) als Lebensenergie ist die Grundlage der Traditionellen Chinesischen Medizin, so wie die Vorstellung von Lebenskraft die Grundlage der klassischen Hom\u00f6opathie darstellt. In der TCM wird das ganze Umfeld eines Menschen als Ursache der Erkrankung und Quelle der Heilung betrachtet. Die Heilung bedeutet die Wiederherstellung der Balance zwischen den polaren Kr\u00e4ften Yin und Yang, die laut chinesischer Philosophie unser ganzes Universum durchziehen.<\/p>\n<p class=\"style1\">Empfohlene Literatur:<br \/>\nZhang Yu Huan, Ken Rose. Den Drachen reiten: Die kulturellen Wurzeln der traditionellen chinesischen Medizin.<\/p>\n[\/vc_column_text][\/vc_column][vc_column width=&#8220;1\/3&#8243;][vc_single_image image=&#8220;487&#8243; img_size=&#8220;full&#8220; title=&#8220; &#8222;][\/vc_column][\/vc_row][vc_row][vc_column]<div class=\"separator  \" style=\"padding-top: 20px; padding-bottom: 20px; \" ><hr class=\"shadow_line\" ><\/div>[\/vc_column][\/vc_row][vc_row][vc_column width=&#8220;1\/2&#8243;]<div class=\"title-outer pos_left \"  style=\"\"><h3 style=\"font-size: 16px;\">Akupunktur<\/h3><\/div>[vc_column_text]\n<p class=\"style1\">Nach der Erfahrung der chinesischen \u00c4rzte durchdringt Qi den K\u00f6rper wie Fl\u00fcsse und Seen eine Landschaft durchstr\u00f6men. Die Fl\u00fcsse sind Leitbahnen (auch Meridiane genannt), die Seen sind ein Sinnbild f\u00fcr die darauf liegenden Akupunkturpunkte. Durch einen feinen Nadelstich wird der Qi-Fluss im Leitbahnsystem beeinflusst. Zus\u00e4tzlich kann es sinnvoll sein, die Punkte mittels kleinen Scheibchen Beifu\u00dfkrauts, die auf die Nadel gesetzt und verbrannt werden, zu erw\u00e4rmen um eine zus\u00e4tzliche Qualit\u00e4t der Wirkung zu verleihen.<br \/>\nDiese Therapieform nennt man Moxibustion, zhen jiu (chin. <img decoding=\"async\" src=\"https:\/\/praxis-dr-habersetzer.de\/_images\/chinese_akupunktur_01.jpg\" align=\"bottom\" border=\"0\" \/>).<\/p>\n<p class=\"style1\">In Abh\u00e4ngigkeit von der Erkrankung sind 3 bis 18 Behandlungen notwendig. Durch die pr\u00e4zise Diagnosestellung wird es m\u00f6glich, die Zahl der Akupunkturnadeln maximal zu begrenzen. Ich verwende ausschlie\u00dflich sterile Einmalnadeln, die Infektions\u00fcbertragung ist somit ausgeschlossen.<\/p>\n<p class=\"style1\">Erg\u00e4nzend zur K\u00f6rperakupunktur wende ich bei manchen Erkrankungen die Ohrakupunktur an. Dabei werden die einzelnen K\u00f6rperregionen in Beziehung zu der Ohrmuschel gesetzt.<\/p>\n[\/vc_column_text]<div class=\"separator  \" style=\"padding-top: 20px; padding-bottom: 20px; \" ><hr class=\"shadow_line\" ><\/div>[\/vc_column][vc_column width=&#8220;1\/2&#8243;]<div class=\"title-outer pos_left \"  style=\"\"><h3 style=\"font-size: 16px;\">Chinesische Arzneitherapie<\/h3><\/div>[vc_column_text]\n<p style=\"text-align: left;\">Die Teile verschiedener Kr\u00e4uter \u2013 Wurzeln, Rinden, Zweige, Bl\u00e4tter, Schalen und Bl\u00fcten \u2013 werden in einem Rezept entsprechend der Diagnosekriterien der TCM zusammengestellt. In einigen F\u00e4llen kommen mineralische Arzneimittel (z. B. Austernkalkschalen) zum Einsatz. Aus Tierschutz-<br \/>\ngr\u00fcnden verzichte ich auf ohnehin hierzulande selten verwendete tierische Arzneimittel, so dass die Therapie auch f\u00fcr Vegetarier geeignet ist. Ich greife ausschlie\u00dflich auf bew\u00e4hrte Rezepte aus den alten Quellen zur\u00fcck. Die Kr\u00e4uter werden in einer daf\u00fcr spezialisierten Apotheke in aufw\u00e4ndigen Verfahren auf ihre Identit\u00e4t, Qualit\u00e4t und Reinheit gepr\u00fcft. Bei Interesse finden Sie weiterf\u00fchrende Informationen \u00fcber Qualit\u00e4t und Sicherheit chinesischer Arzneimittel auf der Homepage des Centrums f\u00fcr Therapiesicherheit in der Traditionellen Chinesischen Arzneitherapie (www.ctca.de).<\/p>\n[\/vc_column_text]<div class=\"separator  \" style=\"padding-top: 20px; padding-bottom: 20px; \" ><hr class=\"shadow_line\" ><\/div>[\/vc_column][\/vc_row][vc_row][vc_column width=&#8220;1\/2&#8243;]<div class=\"title-outer pos_left \"  style=\"\"><h3 style=\"font-size: 16px;\">Chinesische Di\u00e4tetik<\/h3><\/div>[vc_column_text]\n<p class=\"style1\">Die Bedeutung einer ausgewogenen Ern\u00e4hrung ist auch in der westlichen Medizin ein Begriff. Die St\u00e4rke der chinesischen Ern\u00e4hrungsheilkunde besteht darin, auf der Basis einer chinesischen Diagnose individuelle Empfehlungen zu geben. Es ist jedoch nicht zwingend notwendig, die chinesische K\u00fcche zu erlernen und exotische Lebensmittel zu konsumieren. Vielmehr geht es darum, die regionalen Lebensmittel so einzusetzen, dass sie zur Heilung beitragen k\u00f6nnen. In Einzelf\u00e4llen werden chinesische Lebensmittel mit einer besonders starken Wirkung zeitlich begrenzt als Medizin eingesetzt (z. B. Ingwerwurzel). Zudem kann man durch eine bestimmte Art des Kochens (zerkleinern, erw\u00e4rmen, einlegen) das energetische Verhalten der Lebensmittel beeinflussen.<\/p>\n<p class=\"style1\">Literaturempfehlung:<br \/>\nRos Hartmann, Madeleine Stehle, Mirjam Walker Ulrich: Energetisches Kochen nach Altchinesischem Wissen.<\/p>\n[\/vc_column_text]<div class=\"separator  \" style=\"padding-top: 20px; padding-bottom: 20px; \" ><hr class=\"shadow_line\" ><\/div>[\/vc_column][vc_column width=&#8220;1\/2&#8243;]<div class=\"title-outer pos_left \"  style=\"\"><h3 style=\"font-size: 16px;\">Lebenspflege<\/h3><\/div>[vc_column_text]\n<p class=\"style1\">In dem Hu\u00e1ng D\u00ec N\u00e8i Jing (chin. <img decoding=\"async\" src=\"https:\/\/praxis-dr-habersetzer.de\/_images\/chinese_lebenspflege_01.jpg\" align=\"bottom\" border=\"0\" \/>) &#8222;Buch des Gelben Kaisers zur Inneren Medizin&#8220; steht geschrieben: &#8222;Der Weise wei\u00df, dass Yang Sheng (Lebenspflege) bedeutet, den Tages\u2013 und Jahreszeiten entsprechend zu leben, sich mit harmonisierter Stimmung wohl zu f\u00fchlen und die Wandlungsprinzipien von Yin und Yang zu befolgen. So wird die Gesundheit nicht von b\u00f6sen negativen Faktoren beeintr\u00e4chtigt und das Leben l\u00e4nger dauern.&#8220;<\/p>\n<p class=\"style1\">In meiner Praxis verbinde ich das Wissen \u00fcber die chinesische Lebenspflege mit den Erkenntnissen der Ordnungstherapie \u2013 unserer westlichen Wissenschaft \u00fcber ein ausgeglichenes Leben. So kann ich z.B. den Menschen helfen, die unter der Problematik der Schichtdienste, der chronischen Schlafst\u00f6rung und des Konzentrationsmangels leiden.<\/p>\n[\/vc_column_text]<div class=\"separator  \" style=\"padding-top: 20px; padding-bottom: 20px; \" ><hr class=\"shadow_line\" ><\/div>[\/vc_column][\/vc_row][vc_row][vc_column width=&#8220;1\/2&#8243;]<div class=\"title-outer pos_left \"  style=\"\"><h3 style=\"font-size: 16px;\">Tuina<\/h3><\/div>[vc_column_text]Tuina (chin. <img decoding=\"async\" src=\"https:\/\/praxis-dr-habersetzer.de\/_images\/chinese_tunia_01.jpg\" align=\"bottom\" border=\"0\" \/>) ist eine manuelle Energieregulationsform, die die Dehnungs- und Mobilisationstechniken mit der Massage der Akupunkturpunkte verbindet. Sie hat sich insbesondere bei den Erkrankungen des Bewegungsapparates und daraus folgenden Schmerzsyndromen sowie bei den vegetativen Funktionsst\u00f6rungen wie Verstopfung und Regelst\u00f6rung bew\u00e4hrt.<br \/>\nEntsprechend meiner Erfahrung verbinde ich Tuina mit der Akupunktur um eine m\u00f6glichst schnelle und nachhaltige Besserung Ihrer Beschwerden zu erreichen.[\/vc_column_text]<div class=\"separator  \" style=\"padding-top: 20px; padding-bottom: 20px; \" ><hr class=\"shadow_line\" ><\/div>[\/vc_column][vc_column width=&#8220;1\/2&#8243;][\/vc_column][\/vc_row]\n<\/div>","protected":false},"excerpt":{"rendered":"<p>[vc_row][vc_column width=&#8220;2\/3&#8243;][vc_column_text] Die Traditionelle Chinesische Medizin (TCM) ist eine der \u00e4ltesten ganzheitlichen Medizinsysteme weltweit, deren Urspr\u00fcnge bis 10 000 Jahre vor Christus zur\u00fcck reichen. In diesem beeindruckend langen Zeitraum wurden die Methoden der TCM verfeinert und bei unz\u00e4hligen Erkrankten angewendet, so dass die Traditionelle Chinesische Medizin zu Recht als Erfahrungsmedizin bezeichnet wird. Im Gegensatz zu [&hellip;]<\/p>\n","protected":false},"author":1,"featured_media":0,"parent":29,"menu_order":0,"comment_status":"closed","ping_status":"closed","template":"","meta":{"footnotes":""},"_links":{"self":[{"href":"https:\/\/praxis-dr-habersetzer.de\/_wp\/index.php?rest_route=\/wp\/v2\/pages\/467"}],"collection":[{"href":"https:\/\/praxis-dr-habersetzer.de\/_wp\/index.php?rest_route=\/wp\/v2\/pages"}],"about":[{"href":"https:\/\/praxis-dr-habersetzer.de\/_wp\/index.php?rest_route=\/wp\/v2\/types\/page"}],"author":[{"embeddable":true,"href":"https:\/\/praxis-dr-habersetzer.de\/_wp\/index.php?rest_route=\/wp\/v2\/users\/1"}],"replies":[{"embeddable":true,"href":"https:\/\/praxis-dr-habersetzer.de\/_wp\/index.php?rest_route=%2Fwp%2Fv2%2Fcomments&post=467"}],"version-history":[{"count":13,"href":"https:\/\/praxis-dr-habersetzer.de\/_wp\/index.php?rest_route=\/wp\/v2\/pages\/467\/revisions"}],"predecessor-version":[{"id":666,"href":"https:\/\/praxis-dr-habersetzer.de\/_wp\/index.php?rest_route=\/wp\/v2\/pages\/467\/revisions\/666"}],"up":[{"embeddable":true,"href":"https:\/\/praxis-dr-habersetzer.de\/_wp\/index.php?rest_route=\/wp\/v2\/pages\/29"}],"wp:attachment":[{"href":"https:\/\/praxis-dr-habersetzer.de\/_wp\/index.php?rest_route=%2Fwp%2Fv2%2Fmedia&parent=467"}],"curies":[{"name":"wp","href":"https:\/\/api.w.org\/{rel}","templated":true}]}}