{"id":43,"date":"2015-02-25T16:44:16","date_gmt":"2015-02-25T16:44:16","guid":{"rendered":"https:\/\/praxis-dr-habersetzer.de\/_wp\/?page_id=43"},"modified":"2025-12-22T15:22:45","modified_gmt":"2025-12-22T14:22:45","slug":"kosten","status":"publish","type":"page","link":"https:\/\/praxis-dr-habersetzer.de\/_wp\/?page_id=43","title":{"rendered":"Kosten"},"content":{"rendered":"<div class=\"wpb-content-wrapper\">[vc_row][vc_column width=&#8220;2\/3&#8243;]<div class=\"title-outer pos_left \"  style=\"\"><h3 style=\"font-size: 16px;\">Kosten der Behandlung<\/h3><\/div>[vc_column_text]\n<p id=\"contentflow\" style=\"line-height: 24px;\">Meine Praxis ist <strong>privat\u00e4rztlich<\/strong> gef\u00fchrt. Die Therapiekosten richten sich nach der derzeitig g\u00fcltigen Fassung der <strong>Geb\u00fchrenordnung f\u00fcr \u00c4rzte 2002<\/strong>.<br \/>\nDie Behandlungen werden entsprechend ihrem Vertrag von der privaten Kassenversicherung und der Beihilfe erstattet. <strong>Gesetzlich versicherte Patienten zahlen ihre Therapie selbst.<\/strong><\/p>\n<p><!--p style=\"line-height: 24px;\">Vor Beginn der Behandlung kann ich Ihnen einen <strong>Kostenvoranschlag<\/strong> in einem pers\u00f6nlichen Gespr\u00e4ch erstellen. <strong>Daf\u00fcr ben\u00f6tige ich die Datenschutzeinwilligung und die Angabe der Hauptbeschwerden und der bisher gestellten Diagnosen. <\/strong>\n\nDie Kosten betragen 25,00 Euro (15 Minuten Sprechzeit).\n\n\n<p style=\"line-height: 24px;\"><strong>Bitte beachten Sie, dass bei diesem Gespr\u00e4ch keine Beurteilung der Fremdbefunde oder Mitteilung einer Zweitmeinung\u00a0 erfolgen kann. Daf\u00fcr ist aus therapeutischen und rechtlichen\u00a0 Gr\u00fcnden eine eingehende Untersuchung notwendig.<\/strong><\/p -->[\/vc_column_text][\/vc_column][vc_column width=&#8220;1\/3&#8243;][vc_single_image image=&#8220;273&#8243; img_size=&#8220;full&#8220; css_animation=&#8220;none&#8220; css=&#8220;.vc_custom_1521823370756{background-color: #ffffff !important;}&#8220;][\/vc_column][\/vc_row][vc_row][vc_column]<div class=\"separator  \" style=\"padding-top: 20px; padding-bottom: 20px; \" ><hr class=\"shadow_line\" ><\/div>[\/vc_column][\/vc_row]\n<\/div>","protected":false},"excerpt":{"rendered":"<p>[vc_row][vc_column width=&#8220;2\/3&#8243;][vc_column_text] Meine Praxis ist privat\u00e4rztlich gef\u00fchrt. Die Therapiekosten richten sich nach der derzeitig g\u00fcltigen Fassung der Geb\u00fchrenordnung f\u00fcr \u00c4rzte 2002. Die Behandlungen werden entsprechend ihrem Vertrag von der privaten Kassenversicherung und der Beihilfe erstattet. Gesetzlich versicherte Patienten zahlen ihre Therapie selbst. [\/vc_column_text][\/vc_column][vc_column width=&#8220;1\/3&#8243;][vc_single_image image=&#8220;273&#8243; img_size=&#8220;full&#8220; css_animation=&#8220;none&#8220; css=&#8220;.vc_custom_1521823370756{background-color: #ffffff !important;}&#8220;][\/vc_column][\/vc_row][vc_row][vc_column][\/vc_column][\/vc_row]<\/p>\n","protected":false},"author":1,"featured_media":0,"parent":0,"menu_order":0,"comment_status":"open","ping_status":"open","template":"","meta":{"footnotes":""},"_links":{"self":[{"href":"https:\/\/praxis-dr-habersetzer.de\/_wp\/index.php?rest_route=\/wp\/v2\/pages\/43"}],"collection":[{"href":"https:\/\/praxis-dr-habersetzer.de\/_wp\/index.php?rest_route=\/wp\/v2\/pages"}],"about":[{"href":"https:\/\/praxis-dr-habersetzer.de\/_wp\/index.php?rest_route=\/wp\/v2\/types\/page"}],"author":[{"embeddable":true,"href":"https:\/\/praxis-dr-habersetzer.de\/_wp\/index.php?rest_route=\/wp\/v2\/users\/1"}],"replies":[{"embeddable":true,"href":"https:\/\/praxis-dr-habersetzer.de\/_wp\/index.php?rest_route=%2Fwp%2Fv2%2Fcomments&post=43"}],"version-history":[{"count":21,"href":"https:\/\/praxis-dr-habersetzer.de\/_wp\/index.php?rest_route=\/wp\/v2\/pages\/43\/revisions"}],"predecessor-version":[{"id":800,"href":"https:\/\/praxis-dr-habersetzer.de\/_wp\/index.php?rest_route=\/wp\/v2\/pages\/43\/revisions\/800"}],"wp:attachment":[{"href":"https:\/\/praxis-dr-habersetzer.de\/_wp\/index.php?rest_route=%2Fwp%2Fv2%2Fmedia&parent=43"}],"curies":[{"name":"wp","href":"https:\/\/api.w.org\/{rel}","templated":true}]}}