{"id":41,"date":"2015-02-25T16:43:51","date_gmt":"2015-02-25T16:43:51","guid":{"rendered":"https:\/\/praxis-dr-habersetzer.de\/_wp\/?page_id=41"},"modified":"2018-03-23T16:54:11","modified_gmt":"2018-03-23T15:54:11","slug":"anfahrt","status":"publish","type":"page","link":"https:\/\/praxis-dr-habersetzer.de\/_wp\/?page_id=41","title":{"rendered":"Anfahrt"},"content":{"rendered":"<div class=\"wpb-content-wrapper\">[vc_row][vc_column width=&#8220;1\/2&#8243;]<div class=\"title-outer pos_left \"  style=\"\"><h3 style=\"font-size: 16px;\">Anfahrt<\/h3><\/div>[vc_column_text css_animation=&#8220;none&#8220; css=&#8220;.vc_custom_1521820445794{background-color: #ffffff !important;}&#8220;]Von Augsburg kommend biegen Sie nach dem EDEKA-Supermarkt links in die Eichenstra\u00dfe und gleich wieder rechts in die Buchenstra\u00dfe.<\/p>\n<p>Folgen Sie der Stra\u00dfe ca. 150m die Anh\u00f6he hinauf und biegen dort rechts in die L\u00e4rchenstra\u00dfe. Nach weiteren 50m biegen Sie linker Hand in die Eschenstrasse.<\/p>\n<p>Unsere Praxis finden Sie ca. 30m weiter auf der rechten Seite, die Hausnummer 4a ist das Hinterhaus.[\/vc_column_text][\/vc_column][vc_column width=&#8220;1\/2&#8243;][vc_single_image image=&#8220;265&#8243; img_size=&#8220;425&#215;687&#8243; alignment=&#8220;right&#8220; css_animation=&#8220;none&#8220;][\/vc_column][\/vc_row][vc_row][vc_column]<div class=\"separator  \" style=\"padding-top: 20px; padding-bottom: 20px; \" ><hr class=\"shadow_line\" ><\/div>[\/vc_column][\/vc_row]\n<\/div>","protected":false},"excerpt":{"rendered":"<p>[vc_row][vc_column width=&#8220;1\/2&#8243;][vc_column_text css_animation=&#8220;none&#8220; css=&#8220;.vc_custom_1521820445794{background-color: #ffffff !important;}&#8220;]Von Augsburg kommend biegen Sie nach dem EDEKA-Supermarkt links in die Eichenstra\u00dfe und gleich wieder rechts in die Buchenstra\u00dfe. Folgen Sie der Stra\u00dfe ca. 150m die Anh\u00f6he hinauf und biegen dort rechts in die L\u00e4rchenstra\u00dfe. Nach weiteren 50m biegen Sie linker Hand in die Eschenstrasse. Unsere Praxis finden Sie ca. [&hellip;]<\/p>\n","protected":false},"author":1,"featured_media":0,"parent":0,"menu_order":0,"comment_status":"open","ping_status":"open","template":"","meta":{"footnotes":""},"_links":{"self":[{"href":"https:\/\/praxis-dr-habersetzer.de\/_wp\/index.php?rest_route=\/wp\/v2\/pages\/41"}],"collection":[{"href":"https:\/\/praxis-dr-habersetzer.de\/_wp\/index.php?rest_route=\/wp\/v2\/pages"}],"about":[{"href":"https:\/\/praxis-dr-habersetzer.de\/_wp\/index.php?rest_route=\/wp\/v2\/types\/page"}],"author":[{"embeddable":true,"href":"https:\/\/praxis-dr-habersetzer.de\/_wp\/index.php?rest_route=\/wp\/v2\/users\/1"}],"replies":[{"embeddable":true,"href":"https:\/\/praxis-dr-habersetzer.de\/_wp\/index.php?rest_route=%2Fwp%2Fv2%2Fcomments&post=41"}],"version-history":[{"count":17,"href":"https:\/\/praxis-dr-habersetzer.de\/_wp\/index.php?rest_route=\/wp\/v2\/pages\/41\/revisions"}],"predecessor-version":[{"id":259,"href":"https:\/\/praxis-dr-habersetzer.de\/_wp\/index.php?rest_route=\/wp\/v2\/pages\/41\/revisions\/259"}],"wp:attachment":[{"href":"https:\/\/praxis-dr-habersetzer.de\/_wp\/index.php?rest_route=%2Fwp%2Fv2%2Fmedia&parent=41"}],"curies":[{"name":"wp","href":"https:\/\/api.w.org\/{rel}","templated":true}]}}