{"id":39,"date":"2015-02-25T16:43:18","date_gmt":"2015-02-25T16:43:18","guid":{"rendered":"https:\/\/praxis-dr-habersetzer.de\/_wp\/?page_id=39"},"modified":"2018-10-16T17:04:43","modified_gmt":"2018-10-16T15:04:43","slug":"kontakt","status":"publish","type":"page","link":"https:\/\/praxis-dr-habersetzer.de\/_wp\/?page_id=39","title":{"rendered":"Kontakt"},"content":{"rendered":"<div class=\"wpb-content-wrapper\">[vc_row video_bg=&#8220;false&#8220; margintop=&#8220;0&#8243; marginbottom=&#8220;0&#8243; paddingtop=&#8220;30&#8243; paddingbottom=&#8220;30&#8243; border_width=&#8220;0&#8243; border_color=&#8220;#e8e8e8&#8243; bg_repeat=&#8220;repeat&#8220; bg_stretch=&#8220;false&#8220; video_quality=&#8220;default&#8220;][vc_column width=&#8220;2\/3&#8243;]<div class=\"title-outer pos_left \"  style=\"\"><h3 style=\"font-size: 16px;\">Kontakt<\/h3><\/div>[vc_column_text css_animation=&#8220;none&#8220;]Wenn Sie mit mir in Kontakt treten wollen, f\u00fcllen Sie bitte die untenstehenden Felder aus und klicken Sie auf den Button &#8222;Absenden&#8220;.<\/p>\n<p>Ich melde mich dann bei Ihnen telefonisch. Sollten Sie eine Kontaktaufnahme via E-Mail w\u00fcnschen, beachten Sie bitte unsere Hinweise bzgl. sicherer E-Mail-Kommunikation weiter unten auf dieser Seite.[\/vc_column_text]\n<div class=\"wpcf7 no-js\" id=\"wpcf7-f4-o1\" lang=\"de-DE\" dir=\"ltr\">\n<div class=\"screen-reader-response\"><p role=\"status\" aria-live=\"polite\" aria-atomic=\"true\"><\/p> <ul><\/ul><\/div>\n<form action=\"\/_wp\/index.php?rest_route=%2Fwp%2Fv2%2Fpages%2F39#wpcf7-f4-o1\" method=\"post\" class=\"wpcf7-form init\" aria-label=\"Kontaktformular\" novalidate=\"novalidate\" data-status=\"init\">\n<div style=\"display: none;\">\n<input type=\"hidden\" name=\"_wpcf7\" value=\"4\" \/>\n<input type=\"hidden\" name=\"_wpcf7_version\" value=\"5.9.6\" \/>\n<input type=\"hidden\" name=\"_wpcf7_locale\" value=\"de_DE\" \/>\n<input type=\"hidden\" name=\"_wpcf7_unit_tag\" value=\"wpcf7-f4-o1\" \/>\n<input type=\"hidden\" name=\"_wpcf7_container_post\" value=\"0\" \/>\n<input type=\"hidden\" name=\"_wpcf7_posted_data_hash\" value=\"\" \/>\n<\/div>\n<p>Ihr Name (Pflichtfeld):\n<\/p>\n<p><span class=\"wpcf7-form-control-wrap\" data-name=\"your-name\"><input size=\"40\" maxlength=\"80\" class=\"wpcf7-form-control wpcf7-text wpcf7-validates-as-required\" aria-required=\"true\" aria-invalid=\"false\" value=\"\" type=\"text\" name=\"your-name\" \/><\/span>\n<\/p>\n<p>Ihre E-Mail-Adresse (Pflichtfeld):\n<\/p>\n<p><span class=\"wpcf7-form-control-wrap\" data-name=\"your-email\"><input size=\"40\" maxlength=\"80\" class=\"wpcf7-form-control wpcf7-email wpcf7-validates-as-required wpcf7-text wpcf7-validates-as-email\" aria-required=\"true\" aria-invalid=\"false\" value=\"\" type=\"email\" name=\"your-email\" \/><\/span>\n<\/p>\n<p>Telefonnummer: (Pflichtfeld)\n<\/p>\n<p><span class=\"wpcf7-form-control-wrap\" data-name=\"your-telefon\"><input size=\"40\" maxlength=\"80\" class=\"wpcf7-form-control wpcf7-text wpcf7-validates-as-required\" aria-required=\"true\" aria-invalid=\"false\" value=\"\" type=\"text\" name=\"your-telefon\" \/><\/span>\n<\/p>\n<p><span class=\"wpcf7-form-control-wrap\" data-name=\"acceptance-155\"><span class=\"wpcf7-form-control wpcf7-acceptance\"><span class=\"wpcf7-list-item\"><label><input type=\"checkbox\" name=\"acceptance-155\" value=\"1\" aria-invalid=\"false\" \/><span class=\"wpcf7-list-item-label\">Hiermit erkl\u00e4re ich mich einverstanden, dass meine in das Kontaktformular eingegebenen Daten elektronisch gespeichert und zum (ausschlie\u00dflichen) Zweck der Kontaktaufnahme verarbeitet und genutzt werden. Mir ist bekannt, dass ich meine Einwilligung jederzeit widerrufen kann. Eine Weitergabe der Daten an Dritte ist ausgeschlossen!<\/span><\/label><\/span><\/span><\/span><br \/>\n<br \/>\nBitte l\u00f6sen Sie diese kleine Rechenaufgabe:<br \/>\n<span class=\"wpcf7-form-control-wrap\" data-name=\"Matheaufgaben\"><label><span class=\"wpcf7-quiz-label\">22+7<\/span> <input size=\"4\" maxlength=\"2\" minlength=\"1\" class=\"wpcf7-form-control wpcf7-quiz\" autocomplete=\"off\" aria-required=\"true\" aria-invalid=\"false\" type=\"text\" name=\"Matheaufgaben\" \/><\/label><input type=\"hidden\" name=\"_wpcf7_quiz_answer_Matheaufgaben\" value=\"5787721a38dbfc54a3f494cff29915c0\" \/><\/span>\n<\/p>\n<p><input class=\"wpcf7-form-control wpcf7-submit has-spinner\" type=\"submit\" value=\"Absenden\" \/>\n<\/p><div class=\"wpcf7-response-output\" aria-hidden=\"true\"><\/div>\n<\/form>\n<\/div>\n[\/vc_column][vc_column width=&#8220;1\/3&#8243;][vc_single_image image=&#8220;492&#8243; img_size=&#8220;full&#8220; title=&#8220; &#8220; css=&#8220;.vc_custom_1521818730838{background-color: #ffffff !important;}&#8220;][\/vc_column][\/vc_row][vc_row][vc_column width=&#8220;2\/3&#8243;]<div class=\"separator  \" style=\"padding-top: 20px; padding-bottom: 20px; \" ><hr class=\"shadow_line\" ><\/div>[\/vc_column][vc_column width=&#8220;1\/3&#8243;][\/vc_column][\/vc_row][vc_row][vc_column][vc_column_text]<!-- <strong>Sichere Kommunikation<\/strong>\n\nLiebe Patienten,\nSie m\u00f6chten mit der Ganzheitlichen Arztpraxis Dr. med. Elena Habersetzer mittels elektronischer Nachrichten (E-Mail) korrespondieren.\n\n<strong>Generell gilt:<\/strong>\nInformationen, die Sie unverschl\u00fcsselt per E-Mail an uns senden k\u00f6nnen m\u00f6glicherweise auf dem \u00dcbertragungsweg von Dritten gelesen werden. Wir k\u00f6nnen in der Regel auch Ihre Identit\u00e4t nicht \u00fcberpr\u00fcfen und wissen nicht, wer sich hinter einer E-Mail-Adresse verbirgt, so dass eine rechtssichere Kommunikation durch einfache E-Mail daher nicht gew\u00e4hrleistet ist.\n\nWir bieten aus diesem Grund die Kommunikation \u00fcber mit OpenPGP verschl\u00fcsselte E-Mails an.\n\n\u00dcber folgenden Link k\u00f6nnen Sie unseren \u00f6ffentlichen PGP-Schl\u00fcssel herunterladen:\n\n\n<p style=\"padding-left: 30px;\"><a href=\"https:\/\/praxis-dr-habersetzer.de\/_wp\/PGP_oeffentlicher_Schluessel_Ganzheitliche_Arztpraxis_Dr_med_Elena_Habersetzer.asc\" target=\"_blank\" rel=\"noopener\">Download \u00f6ffentlicher PGP-Schl\u00fcssel<\/a><\/p>\n\n\n(Um den Schl\u00fcssel zu speichern, klicken Sie mit der rechten Maustaste auf den Link und w\u00e4hlen Sie die Option \"Ziel speichern unter....\" im Kontextmen\u00fc)\n\nUnd in lesbarer Form:\n\n\n<pre>-----BEGIN PGP PUBLIC KEY BLOCK-----\r\nComment: Benutzer-ID:\tDr. Elena Habersetzer &lt;info@praxis-dr-habersetzer.de&gt;\r\nComment: Erstellt:\t30.04.2018 15:20\r\nComment: Typ:\t2048-bit RSA (geheimer Schl\u00fcssel verf\u00fcgbar)\r\nComment: Verwendung:\tSignieren, Verschl\u00fcsselung, Benutzerkennungen beglaubigen, SSH Authentifizierung\r\nComment: Fingerabdruck:\tA504DD08F571E6F38E8D396BA8663C9902BD7389\r\n\r\nmQENBFrnGAkBCAC5xSouJ6RU7xvyek4wO\/ITDeXkhZNvHqTnOMUwJ38NeTBNP26D\r\ns\/PU+M7LjylDcHJNMb+2q7aKuzBFdKIflnNWQpIOpkk66HfxAF4HsC\/KIMdetttN\r\nMH1Nm7RCcIIjqIPSXHO9UHe8SaloOz\/Ack7StZ7ypBJrdoqm9n8ZdwOlOMFEm+p9\r\nBsoSkltejVpviUy26tmCjYubzEEkgm0c6vxImi0UDahP9\/ju6Lv\/T0Bl4oKpd7Mm\r\neqeT0bdlvdxOIbmgNIe8qK+05Yl1NFFR5Uc2E+DBSBC7VFeTN0UH\/8Y3IowvaF8F\r\noXUmEDj\/Y9zVd0zFcHYdK4foskFgNEtiQ\/Y7ABEBAAG0NURyLiBFbGVuYSBIYWJl\r\ncnNldHplciA8aW5mb0BwcmF4aXMtZHItaGFiZXJzZXR6ZXIuZGU+iQFOBBMBCAA4\r\nFiEEpQTdCPVx5vOOjTlrqGY8mQK9c4kFAlrnGAkCGyMFCwkIBwIGFQoJCAsCBBYC\r\nAwECHgECF4AACgkQqGY8mQK9c4lFHQgAh4a+L4cx6s1Q3Dh1WwEr2x0x9U6dA7iV\r\n6vcCammyBRBiMzJnnidvUjf4zgQ55U3rO95jXLCOLCaeJiI2MPZHDfiR\/Hd1O3iZ\r\nNpIIVPaR8N0bsXTcwCDVfR4ygkvy6k5bzTNMatFO1RGY4DwsMlYgxIq7R5eywNB7\r\nXsF5iojlVn9QdFjXYopXA6HMYlWEz7tqpezrWs+FFPcc0lNkapFH7NF8R\/l33VJT\r\nYgtUFAOZI3DvrD0284fH5pEXWbtjFXJlbs3a70BbQDu3dIT23IxZ2rMuHjWEZULJ\r\nEUsQ9bHhHm622WpnFwEZRdBmGYD8sysySENAQOYvGsEfHBV5LjCinLkBDQRa5xgJ\r\nAQgAqtYZ+2rdWllAtUI90UFnmc5uPqorKjD7YHZ64DZGd5VOcZswoV9rKoi1b+uR\r\nKeWHrcORRCJUHAJWrvwZ+sGsMm3OHEB2V7B8zl9acBj3x4faceloWueRuYUWwl3P\r\n60p9Wa86pJr+6S2DckMzR5oFPk5Jbgum0WSNo8ACvTBP7R8iPEOzjIfWSHNiKpeO\r\nc8yBLJaLVO3xDCldKBeRuF65Xyl\/hj8PCzGO7rcC8KKuI\/W\/5PVzZV5s4+qOC+pb\r\nQJTGoEKX7wwxEt2f5+EOJ\/lBfa6iJtMvDRX7LeyF7u6bgiu6g7TNGS3kdrzFQ91r\r\nlqgpD6NzYsKpxFIpfDQYPu8M4wARAQABiQE2BBgBCAAgFiEEpQTdCPVx5vOOjTlr\r\nqGY8mQK9c4kFAlrnGAkCGwwACgkQqGY8mQK9c4l2KQf9HKAW02YpIsE4LL1qivjv\r\nK55FSnju9sDDakLHx87vt7YD8iy1Gp8WH0iTcJHD98nRN9vJcUwDNZhZnsXNYua5\r\ne0n5NxdmMCVN6\/RZu8AqqMxXFOS2mvwNNhHabjpYH0qq1A29I76A4QfyLU54HHN7\r\nlTziv9RBNzt\/6Es8y+yrGNCJ+zA59dh7Jtjt\/ZVeMvO3RspW7ARi6FzBu\/YBgZmm\r\nz69aWC9+K1gFuC9+wzrgi4f1eq\/Vqs83cz35CU28CillC8na1AimLINoYv8S2AXP\r\nJfXqeEszVElnE88QcUlfRFKvS33cp6LXV5Df4EU+etM8m5kjRKQj9stIHRj8BwXF\r\nbA==\r\n=sVuY\r\n-----END PGP PUBLIC KEY BLOCK-----<\/pre>\n\n\n&nbsp;\n\nSie m\u00fcssen den Schl\u00fcssel in Ihr E-Mail-Programm importieren, um uns verschl\u00fcsselte E-Mails senden zu k\u00f6nnen.\nZur Einrichtung der Verschl\u00fcsselungsfunktionen in Ihrem Mailprogramm empfehlen wir folgende Informationen:\n\n\n<p style=\"padding-left: 30px;\"><a href=\"https:\/\/web.de\/email\/sicherheit\/pgp\/\" target=\"_blank\" rel=\"noopener\">https:\/\/web.de\/email\/sicherheit\/pgp\/<\/a><\/p>\n\n\n\n\n<p style=\"padding-left: 30px;\"><a href=\"https:\/\/www.gmx.net\/mail\/sicherheit\/pgp\/\" target=\"_blank\" rel=\"noopener\">https:\/\/www.gmx.net\/mail\/sicherheit\/pgp\/<\/a><\/p>\n\n\n\n\n<p style=\"padding-left: 30px;\"><a href=\"http:\/\/www.t-online.de\/digital\/sicherheit\/id_73820508\/tid_embedded\/si_0\/mailvelope-fuer-email-t-online-de-konfigurieren-pgp-schluesselpaare-erzeugen-und-importieren-.html\" target=\"_blank\" rel=\"noopener\">http:\/\/www.t-online.de\/digital\/sicherheit\/id_73820508\/tid_embedded\/si_0\/mailvelope-fuer-email-t-online-de-konfigurieren-pgp-schluesselpaare-erzeugen-und-importieren-.html<\/a><\/p>\n\n\n\n\n<p style=\"padding-left: 30px;\"><a href=\"https:\/\/support.mozilla.org\/de\/kb\/nachrichten-digital-signieren-und-verschlusseln\" target=\"_blank\" rel=\"noopener\">https:\/\/support.mozilla.org\/de\/kb\/nachrichten-digital-signieren-und-verschlusseln<\/a><\/p>\n\n\n\n\n<p style=\"padding-left: 30px;\"><a href=\"https:\/\/hosting.1und1.de\/digitalguide\/e-mail\/e-mail-sicherheit\/e-mails-verschluesseln-mit-pgp\/\" target=\"_blank\" rel=\"noopener\">https:\/\/hosting.1und1.de\/digitalguide\/e-mail\/e-mail-sicherheit\/e-mails-verschluesseln-mit-pgp\/<\/a><\/p>\n\n\n&nbsp;\n\nGenauere Information bzgl. OpenPGP erhalten Sie hier:\n\n\n<p style=\"padding-left: 30px;\"><a href=\"https:\/\/de.wikipedia.org\/wiki\/OpenPGP\" target=\"_blank\" rel=\"noopener\">https:\/\/de.wikipedia.org\/wiki\/OpenPGP<\/a><\/p>\n\n\nEine gut verst\u00e4ndliche Einf\u00fchrung in das Thema PGP-Verschl\u00fcsselung finden Sie bei den Entwicklern des Gpg4win-Plug-Ins unter:\n\n\n<p style=\"padding-left: 30px;\"><a href=\"https:\/\/www.gpg4win.de\/documentation-de.html\" target=\"_blank\" rel=\"noopener\">https:\/\/www.gpg4win.de\/documentation-de.html<\/a><\/p>\n\n\n&nbsp;\n\nIhren \u00f6ffentlichen Schl\u00fcssel senden Sie bitte an:\n\n\n<p style=\"padding-left: 60px;\">webmaster@praxis-dr-habersetzer.de<\/p>\n\n\nNach erfolgreichem Import werden wir mittels dieses Schl\u00fcssel eine Test-E-Mail an Sie senden, um die Funktion der verschl\u00fcsselten Kommunikation sicherzustellen.  -->[\/vc_column_text][\/vc_column][\/vc_row]\n<\/div>","protected":false},"excerpt":{"rendered":"<p>[vc_row video_bg=&#8220;false&#8220; margintop=&#8220;0&#8243; marginbottom=&#8220;0&#8243; paddingtop=&#8220;30&#8243; paddingbottom=&#8220;30&#8243; border_width=&#8220;0&#8243; border_color=&#8220;#e8e8e8&#8243; bg_repeat=&#8220;repeat&#8220; bg_stretch=&#8220;false&#8220; video_quality=&#8220;default&#8220;][vc_column width=&#8220;2\/3&#8243;][vc_column_text css_animation=&#8220;none&#8220;]Wenn Sie mit mir in Kontakt treten wollen, f\u00fcllen Sie bitte die untenstehenden Felder aus und klicken Sie auf den Button &#8222;Absenden&#8220;. Ich melde mich dann bei Ihnen telefonisch. Sollten Sie eine Kontaktaufnahme via E-Mail w\u00fcnschen, beachten Sie bitte unsere Hinweise bzgl. sicherer [&hellip;]<\/p>\n","protected":false},"author":1,"featured_media":0,"parent":0,"menu_order":0,"comment_status":"open","ping_status":"open","template":"","meta":{"footnotes":""},"_links":{"self":[{"href":"https:\/\/praxis-dr-habersetzer.de\/_wp\/index.php?rest_route=\/wp\/v2\/pages\/39"}],"collection":[{"href":"https:\/\/praxis-dr-habersetzer.de\/_wp\/index.php?rest_route=\/wp\/v2\/pages"}],"about":[{"href":"https:\/\/praxis-dr-habersetzer.de\/_wp\/index.php?rest_route=\/wp\/v2\/types\/page"}],"author":[{"embeddable":true,"href":"https:\/\/praxis-dr-habersetzer.de\/_wp\/index.php?rest_route=\/wp\/v2\/users\/1"}],"replies":[{"embeddable":true,"href":"https:\/\/praxis-dr-habersetzer.de\/_wp\/index.php?rest_route=%2Fwp%2Fv2%2Fcomments&post=39"}],"version-history":[{"count":19,"href":"https:\/\/praxis-dr-habersetzer.de\/_wp\/index.php?rest_route=\/wp\/v2\/pages\/39\/revisions"}],"predecessor-version":[{"id":655,"href":"https:\/\/praxis-dr-habersetzer.de\/_wp\/index.php?rest_route=\/wp\/v2\/pages\/39\/revisions\/655"}],"wp:attachment":[{"href":"https:\/\/praxis-dr-habersetzer.de\/_wp\/index.php?rest_route=%2Fwp%2Fv2%2Fmedia&parent=39"}],"curies":[{"name":"wp","href":"https:\/\/api.w.org\/{rel}","templated":true}]}}