{"id":33,"date":"2015-02-25T16:41:32","date_gmt":"2015-02-25T16:41:32","guid":{"rendered":"https:\/\/praxis-dr-habersetzer.de\/_wp\/?page_id=33"},"modified":"2018-04-11T09:21:46","modified_gmt":"2018-04-11T07:21:46","slug":"indikationen","status":"publish","type":"page","link":"https:\/\/praxis-dr-habersetzer.de\/_wp\/?page_id=33","title":{"rendered":"Indikationen"},"content":{"rendered":"<div class=\"wpb-content-wrapper\">[vc_row][vc_column width=&#8220;2\/3&#8243;]<div class=\"title-outer pos_left \"  style=\"\"><h3 style=\"font-size: 16px;\">Indikationen<\/h3><\/div>[vc_column_text]\n<p class=\"style1\">Bei allen akuten und chronischen Erkrankungen ist es sinnvoll, das Problem ganzheitlich zu betrachten. Jedes der in der Praxis verwendeten Verfahren hat seine St\u00e4rken, in einigen F\u00e4llen kann eine Kombination verschiedener Verfahren zielf\u00fchrend sein. Besonders zu empfehlen ist die ganzheitliche Therapie bei folgenden Erkrankungen:<\/p>\n<p class=\"style1\"><strong>Nebenwirkungsfreie Behandlung von Kindern<\/strong><br \/>\nNeurodermitis, Allergien, Erk\u00e4ltungsneigung, Bettn\u00e4ssen, \u00c4ngste, Verhaltensst\u00f6rungen, ADHS<\/p>\n<p class=\"style1\"><strong>Erkrankungen des Bewegungsapparates<\/strong><br \/>\nR\u00fcckenschmerzen (HWS, BWS, LWS), Gelenkschmerzen, rheumatische Erkrankungen, Tennisellbogen, Fersensporn, Achillessehnenschmerz<\/p>\n<p class=\"style1\"><strong>Neurologische und psychosomatische Erkrankungen<\/strong><br \/>\nKopfschmerzen, Schwindel, Nervenschmerzen, Multiple Sklerose, Fibromyalgie, Polyneuropathie, depressive Verstimmung, Schlafst\u00f6rungen, Angstst\u00f6rungen, Nikotinsucht<\/p>\n<p class=\"style1\"><strong>Atemwegserkrankungen<\/strong><br \/>\nRezidivierende Erk\u00e4ltungen, Heuschnupfen, Sinusitis, Asthma<\/p>\n<p class=\"style1\"><strong>Herz- und Kreislauferkrankungen<\/strong><br \/>\nBluthochdruck, Durchblutungsst\u00f6rungen, funktionelle Herzbeschwerden<\/p>\n<p class=\"style1\"><strong>Magen- und Darmerkrankungen<\/strong><br \/>\nAppetitlosigkeit, \u00dcbelkeit, Sodbrennen, Magenschleimhautentz\u00fcndung, Verstopfung, Durchfall, Nahrungsmittelallergien<\/p>\n<p class=\"style1\"><strong>Hauterkrankungen<\/strong><br \/>\nEkzeme, Juckreiz, Neurodermitis, Psoriasis, Akne, Furunkel, chronischer Herpes<\/p>\n<p class=\"style1\"><strong>HNO-Erkrankungen<\/strong><br \/>\nOhrger\u00e4usche, H\u00f6rsturz, Mittelohrentz\u00fcndung<\/p>\n<p class=\"style1\"><strong>Augen-Erkrankungen<\/strong><br \/>\nBindehautentz\u00fcndung, trockene Augen, Sehschw\u00e4che<\/p>\n<p class=\"style1\"><strong>Gyn\u00e4kologische Erkrankungen<\/strong><br \/>\nPeriodenschmerzen, Zyklusst\u00f6rungen, Wechseljahresbeschwerden, Kinderwunsch<\/p>\n<p class=\"style1\"><strong>Urologische Erkrankungen<\/strong><br \/>\nBlasenentz\u00fcndung, Reizblase, Bettn\u00e4ssen, Harninkontinenz<\/p>\n[\/vc_column_text][\/vc_column][vc_column width=&#8220;1\/3&#8243;][vc_single_image image=&#8220;493&#8243; img_size=&#8220;full&#8220; title=&#8220; &#8220; css=&#8220;.vc_custom_1521818057226{background-color: #ffffff !important;}&#8220;][\/vc_column][\/vc_row][vc_row][vc_column]<div class=\"separator  \" style=\"padding-top: 20px; padding-bottom: 20px; \" ><hr class=\"shadow_line\" ><\/div>[\/vc_column][\/vc_row]\n<\/div>","protected":false},"excerpt":{"rendered":"<p>[vc_row][vc_column width=&#8220;2\/3&#8243;][vc_column_text] Bei allen akuten und chronischen Erkrankungen ist es sinnvoll, das Problem ganzheitlich zu betrachten. Jedes der in der Praxis verwendeten Verfahren hat seine St\u00e4rken, in einigen F\u00e4llen kann eine Kombination verschiedener Verfahren zielf\u00fchrend sein. Besonders zu empfehlen ist die ganzheitliche Therapie bei folgenden Erkrankungen: Nebenwirkungsfreie Behandlung von Kindern Neurodermitis, Allergien, Erk\u00e4ltungsneigung, Bettn\u00e4ssen, \u00c4ngste, [&hellip;]<\/p>\n","protected":false},"author":1,"featured_media":0,"parent":0,"menu_order":0,"comment_status":"open","ping_status":"open","template":"","meta":{"footnotes":""},"_links":{"self":[{"href":"https:\/\/praxis-dr-habersetzer.de\/_wp\/index.php?rest_route=\/wp\/v2\/pages\/33"}],"collection":[{"href":"https:\/\/praxis-dr-habersetzer.de\/_wp\/index.php?rest_route=\/wp\/v2\/pages"}],"about":[{"href":"https:\/\/praxis-dr-habersetzer.de\/_wp\/index.php?rest_route=\/wp\/v2\/types\/page"}],"author":[{"embeddable":true,"href":"https:\/\/praxis-dr-habersetzer.de\/_wp\/index.php?rest_route=\/wp\/v2\/users\/1"}],"replies":[{"embeddable":true,"href":"https:\/\/praxis-dr-habersetzer.de\/_wp\/index.php?rest_route=%2Fwp%2Fv2%2Fcomments&post=33"}],"version-history":[{"count":7,"href":"https:\/\/praxis-dr-habersetzer.de\/_wp\/index.php?rest_route=\/wp\/v2\/pages\/33\/revisions"}],"predecessor-version":[{"id":620,"href":"https:\/\/praxis-dr-habersetzer.de\/_wp\/index.php?rest_route=\/wp\/v2\/pages\/33\/revisions\/620"}],"wp:attachment":[{"href":"https:\/\/praxis-dr-habersetzer.de\/_wp\/index.php?rest_route=%2Fwp%2Fv2%2Fmedia&parent=33"}],"curies":[{"name":"wp","href":"https:\/\/api.w.org\/{rel}","templated":true}]}}