{"id":27,"date":"2015-02-25T16:39:31","date_gmt":"2015-02-25T16:39:31","guid":{"rendered":"https:\/\/praxis-dr-habersetzer.de\/_wp\/?page_id=27"},"modified":"2019-01-07T20:46:53","modified_gmt":"2019-01-07T19:46:53","slug":"diagnostik-plus","status":"publish","type":"page","link":"https:\/\/praxis-dr-habersetzer.de\/_wp\/?page_id=27","title":{"rendered":"Diagnostik PLUS"},"content":{"rendered":"<div class=\"wpb-content-wrapper\">[vc_row][vc_column width=&#8220;2\/3&#8243;]<div class=\"title-outer pos_left \"  style=\"\"><h3 style=\"font-size: 16px;\">CRP Bestimmung<\/h3><\/div>[vc_column_text]\n<p class=\"style1\">Dank moderner Labortechnik der neuesten Generation ist die quantitative Bestimmung von CRP (C-reaktives Protein, Entz\u00fcndungs-<br \/>\nwert) innerhalb von 10 Minuten m\u00f6glich, eine Untersuchung, die normalerweise nur in einem Gro\u00dflabor oder in einem Krankenhauslabor durchgef\u00fchrt werden kann und mehrere Stunden ben\u00f6tigt.<br \/>\nDadurch kann die richtige Therapieentscheidung, z.B. die Notwendigkeit der Therapie\u00e4nderung oder der Krankenhauseinweisung bei einer akuten Erkrankung, bereits w\u00e4hrend des Praxisbesuchs getroffen werden.<\/p>\n[\/vc_column_text][\/vc_column][vc_column width=&#8220;1\/3&#8243;][vc_single_image image=&#8220;499&#8243; img_size=&#8220;full&#8220; title=&#8220; &#8222;][\/vc_column][\/vc_row][vc_row][vc_column]<div class=\"separator  \" style=\"padding-top: 20px; padding-bottom: 20px; \" ><hr class=\"shadow_line\" ><\/div>[\/vc_column][\/vc_row][vc_row][vc_column width=&#8220;1\/3&#8243;][vc_single_image image=&#8220;498&#8243; img_size=&#8220;full&#8220; title=&#8220; &#8222;][\/vc_column][vc_column width=&#8220;2\/3&#8220;]<div class=\"title-outer pos_left \"  style=\"\"><h3 style=\"font-size: 16px;\">Hochaufl\u00f6sender Ultraschall<\/h3><\/div>[vc_column_text]\n<p class=\"style1\">Das Ziel meiner Arbeit ist neben der ganzheitlichen Therapie eine nebenwirkungsfreie Diagnostik anzubieten, die das ganzheitliche Untersuchungskonzept ad\u00e4quat erg\u00e4nzt. Daf\u00fcr setze ich die modernste Ultraschalltechnik ein, die die Aufl\u00f6sung eines Kernspintomographen erlaubt. Strahlenbelastende und platzangsterzeugende Untersuchungen k\u00f6nnen dadurch oft vermieden werden. Die fr\u00fchen pathologischen Ver\u00e4nderungen der Organe werden pr\u00e4zise dargestellt und Therapie rechtzeitig eingeleitet.<\/p>\n<p class=\"style1\">Folgende Organe k\u00f6nnen untersucht werden:<\/p>\n<p class=\"style1a\">\u2022\u00a0Bauchorgane<br \/>\n\u2022\u00a0Brustorgane<br \/>\n\u2022\u00a0Schilddr\u00fcse<br \/>\n\u2022\u00a0Halsgef\u00e4\u00dfe<br \/>\n\u2022\u00a0Bein- und Armgef\u00e4\u00dfe<br \/>\n\u2022\u00a0Schultergelenk<br \/>\n\u2022\u00a0H\u00fcftgelenk<br \/>\n\u2022\u00a0Kniegelenk<br \/>\n\u2022\u00a0Oberes Sprunggelenk<br \/>\n\u2022\u00a0Kleine Gelenke und Sehnen<br \/>\n\u2022\u00a0Karpaltunnel<\/p>\n[\/vc_column_text][\/vc_column][\/vc_row][vc_row][vc_column]<div class=\"separator  \" style=\"padding-top: 20px; padding-bottom: 20px; \" ><hr class=\"shadow_line\" ><\/div>[\/vc_column][\/vc_row]\n<\/div>","protected":false},"excerpt":{"rendered":"<p>[vc_row][vc_column width=&#8220;2\/3&#8243;][vc_column_text] Dank moderner Labortechnik der neuesten Generation ist die quantitative Bestimmung von CRP (C-reaktives Protein, Entz\u00fcndungs- wert) innerhalb von 10 Minuten m\u00f6glich, eine Untersuchung, die normalerweise nur in einem Gro\u00dflabor oder in einem Krankenhauslabor durchgef\u00fchrt werden kann und mehrere Stunden ben\u00f6tigt. Dadurch kann die richtige Therapieentscheidung, z.B. die Notwendigkeit der Therapie\u00e4nderung oder der Krankenhauseinweisung [&hellip;]<\/p>\n","protected":false},"author":1,"featured_media":0,"parent":0,"menu_order":0,"comment_status":"open","ping_status":"open","template":"","meta":{"footnotes":""},"_links":{"self":[{"href":"https:\/\/praxis-dr-habersetzer.de\/_wp\/index.php?rest_route=\/wp\/v2\/pages\/27"}],"collection":[{"href":"https:\/\/praxis-dr-habersetzer.de\/_wp\/index.php?rest_route=\/wp\/v2\/pages"}],"about":[{"href":"https:\/\/praxis-dr-habersetzer.de\/_wp\/index.php?rest_route=\/wp\/v2\/types\/page"}],"author":[{"embeddable":true,"href":"https:\/\/praxis-dr-habersetzer.de\/_wp\/index.php?rest_route=\/wp\/v2\/users\/1"}],"replies":[{"embeddable":true,"href":"https:\/\/praxis-dr-habersetzer.de\/_wp\/index.php?rest_route=%2Fwp%2Fv2%2Fcomments&post=27"}],"version-history":[{"count":10,"href":"https:\/\/praxis-dr-habersetzer.de\/_wp\/index.php?rest_route=\/wp\/v2\/pages\/27\/revisions"}],"predecessor-version":[{"id":664,"href":"https:\/\/praxis-dr-habersetzer.de\/_wp\/index.php?rest_route=\/wp\/v2\/pages\/27\/revisions\/664"}],"wp:attachment":[{"href":"https:\/\/praxis-dr-habersetzer.de\/_wp\/index.php?rest_route=%2Fwp%2Fv2%2Fmedia&parent=27"}],"curies":[{"name":"wp","href":"https:\/\/api.w.org\/{rel}","templated":true}]}}